{"id":1564,"date":"2025-11-11T11:46:05","date_gmt":"2025-11-11T10:46:05","guid":{"rendered":"https:\/\/laforgek.fr\/?post_type=product&#038;p=1564"},"modified":"2026-02-08T18:46:44","modified_gmt":"2026-02-08T17:46:44","slug":"petty-125mm-suminagashi-vg10-et-ebene","status":"publish","type":"product","link":"https:\/\/laforgek.fr\/?product=petty-125mm-suminagashi-vg10-et-ebene","title":{"rendered":"Petty 125mm Suminagashi VG10 et \u00e9b\u00e8ne"},"content":{"rendered":"<p>Views: 38<\/p><p><a href=\"https:\/\/i0.wp.com\/laforgek.fr\/wp-content\/uploads\/2025\/11\/20251008_142050-scaled.jpg?ssl=1\"><img data-recalc-dims=\"1\" loading=\"lazy\" decoding=\"async\" class=\"aligncenter size-full wp-image-1565\" src=\"https:\/\/i0.wp.com\/laforgek.fr\/wp-content\/uploads\/2025\/11\/20251008_142050-scaled.jpg?resize=525%2C700&#038;ssl=1\" alt=\"\" width=\"525\" height=\"700\" srcset=\"https:\/\/i0.wp.com\/laforgek.fr\/wp-content\/uploads\/2025\/11\/20251008_142050-scaled.jpg?w=1920&amp;ssl=1 1920w, https:\/\/i0.wp.com\/laforgek.fr\/wp-content\/uploads\/2025\/11\/20251008_142050-scaled.jpg?resize=225%2C300&amp;ssl=1 225w, https:\/\/i0.wp.com\/laforgek.fr\/wp-content\/uploads\/2025\/11\/20251008_142050-scaled.jpg?resize=768%2C1024&amp;ssl=1 768w, https:\/\/i0.wp.com\/laforgek.fr\/wp-content\/uploads\/2025\/11\/20251008_142050-scaled.jpg?resize=1152%2C1536&amp;ssl=1 1152w, https:\/\/i0.wp.com\/laforgek.fr\/wp-content\/uploads\/2025\/11\/20251008_142050-scaled.jpg?resize=1536%2C2048&amp;ssl=1 1536w, https:\/\/i0.wp.com\/laforgek.fr\/wp-content\/uploads\/2025\/11\/20251008_142050-scaled.jpg?resize=1320%2C1760&amp;ssl=1 1320w, https:\/\/i0.wp.com\/laforgek.fr\/wp-content\/uploads\/2025\/11\/20251008_142050-scaled.jpg?resize=250%2C333&amp;ssl=1 250w, https:\/\/i0.wp.com\/laforgek.fr\/wp-content\/uploads\/2025\/11\/20251008_142050-scaled.jpg?resize=350%2C467&amp;ssl=1 350w, https:\/\/i0.wp.com\/laforgek.fr\/wp-content\/uploads\/2025\/11\/20251008_142050-scaled.jpg?w=1050&amp;ssl=1 1050w\" sizes=\"auto, (max-width: 706px) 89vw, (max-width: 767px) 82vw, 740px\" \/><\/a><a href=\"https:\/\/i0.wp.com\/laforgek.fr\/wp-content\/uploads\/2025\/11\/20251008_142054-scaled.jpg?ssl=1\"><img data-recalc-dims=\"1\" loading=\"lazy\" decoding=\"async\" class=\"aligncenter size-full wp-image-1566\" src=\"https:\/\/i0.wp.com\/laforgek.fr\/wp-content\/uploads\/2025\/11\/20251008_142054-scaled.jpg?resize=525%2C700&#038;ssl=1\" alt=\"\" width=\"525\" height=\"700\" srcset=\"https:\/\/i0.wp.com\/laforgek.fr\/wp-content\/uploads\/2025\/11\/20251008_142054-scaled.jpg?w=1920&amp;ssl=1 1920w, https:\/\/i0.wp.com\/laforgek.fr\/wp-content\/uploads\/2025\/11\/20251008_142054-scaled.jpg?resize=225%2C300&amp;ssl=1 225w, https:\/\/i0.wp.com\/laforgek.fr\/wp-content\/uploads\/2025\/11\/20251008_142054-scaled.jpg?w=1050&amp;ssl=1 1050w, https:\/\/i0.wp.com\/laforgek.fr\/wp-content\/uploads\/2025\/11\/20251008_142054-scaled.jpg?w=1575&amp;ssl=1 1575w\" sizes=\"auto, (max-width: 706px) 89vw, (max-width: 767px) 82vw, 740px\" \/><\/a> <a href=\"https:\/\/i0.wp.com\/laforgek.fr\/wp-content\/uploads\/2025\/11\/20251008_142102-scaled.jpg?ssl=1\"><img data-recalc-dims=\"1\" loading=\"lazy\" decoding=\"async\" class=\"aligncenter size-full wp-image-1568\" src=\"https:\/\/i0.wp.com\/laforgek.fr\/wp-content\/uploads\/2025\/11\/20251008_142102-scaled.jpg?resize=525%2C700&#038;ssl=1\" alt=\"\" width=\"525\" height=\"700\" srcset=\"https:\/\/i0.wp.com\/laforgek.fr\/wp-content\/uploads\/2025\/11\/20251008_142102-scaled.jpg?w=1920&amp;ssl=1 1920w, https:\/\/i0.wp.com\/laforgek.fr\/wp-content\/uploads\/2025\/11\/20251008_142102-scaled.jpg?resize=225%2C300&amp;ssl=1 225w, https:\/\/i0.wp.com\/laforgek.fr\/wp-content\/uploads\/2025\/11\/20251008_142102-scaled.jpg?resize=768%2C1024&amp;ssl=1 768w, https:\/\/i0.wp.com\/laforgek.fr\/wp-content\/uploads\/2025\/11\/20251008_142102-scaled.jpg?resize=1152%2C1536&amp;ssl=1 1152w, https:\/\/i0.wp.com\/laforgek.fr\/wp-content\/uploads\/2025\/11\/20251008_142102-scaled.jpg?resize=1536%2C2048&amp;ssl=1 1536w, https:\/\/i0.wp.com\/laforgek.fr\/wp-content\/uploads\/2025\/11\/20251008_142102-scaled.jpg?resize=1320%2C1760&amp;ssl=1 1320w, https:\/\/i0.wp.com\/laforgek.fr\/wp-content\/uploads\/2025\/11\/20251008_142102-scaled.jpg?resize=250%2C333&amp;ssl=1 250w, https:\/\/i0.wp.com\/laforgek.fr\/wp-content\/uploads\/2025\/11\/20251008_142102-scaled.jpg?resize=350%2C467&amp;ssl=1 350w, https:\/\/i0.wp.com\/laforgek.fr\/wp-content\/uploads\/2025\/11\/20251008_142102-scaled.jpg?w=1050&amp;ssl=1 1050w\" sizes=\"auto, (max-width: 706px) 89vw, (max-width: 767px) 82vw, 740px\" \/><\/a> <a href=\"https:\/\/i0.wp.com\/laforgek.fr\/wp-content\/uploads\/2025\/11\/20251008_142059-scaled.jpg?ssl=1\"><img data-recalc-dims=\"1\" loading=\"lazy\" decoding=\"async\" class=\"aligncenter size-full wp-image-1567\" src=\"https:\/\/i0.wp.com\/laforgek.fr\/wp-content\/uploads\/2025\/11\/20251008_142059-scaled.jpg?resize=525%2C700&#038;ssl=1\" alt=\"\" width=\"525\" height=\"700\" srcset=\"https:\/\/i0.wp.com\/laforgek.fr\/wp-content\/uploads\/2025\/11\/20251008_142059-scaled.jpg?w=1920&amp;ssl=1 1920w, https:\/\/i0.wp.com\/laforgek.fr\/wp-content\/uploads\/2025\/11\/20251008_142059-scaled.jpg?resize=225%2C300&amp;ssl=1 225w, https:\/\/i0.wp.com\/laforgek.fr\/wp-content\/uploads\/2025\/11\/20251008_142059-scaled.jpg?w=1050&amp;ssl=1 1050w, https:\/\/i0.wp.com\/laforgek.fr\/wp-content\/uploads\/2025\/11\/20251008_142059-scaled.jpg?w=1575&amp;ssl=1 1575w\" sizes=\"auto, (max-width: 706px) 89vw, (max-width: 767px) 82vw, 740px\" \/><\/a><a href=\"https:\/\/i0.wp.com\/laforgek.fr\/wp-content\/uploads\/2025\/11\/20251002_090325-scaled.jpg?ssl=1\"><img data-recalc-dims=\"1\" loading=\"lazy\" decoding=\"async\" class=\"aligncenter size-full wp-image-1577\" src=\"https:\/\/i0.wp.com\/laforgek.fr\/wp-content\/uploads\/2025\/11\/20251002_090325-scaled.jpg?resize=525%2C700&#038;ssl=1\" alt=\"\" width=\"525\" height=\"700\" srcset=\"https:\/\/i0.wp.com\/laforgek.fr\/wp-content\/uploads\/2025\/11\/20251002_090325-scaled.jpg?w=1920&amp;ssl=1 1920w, https:\/\/i0.wp.com\/laforgek.fr\/wp-content\/uploads\/2025\/11\/20251002_090325-scaled.jpg?resize=225%2C300&amp;ssl=1 225w, https:\/\/i0.wp.com\/laforgek.fr\/wp-content\/uploads\/2025\/11\/20251002_090325-scaled.jpg?resize=768%2C1024&amp;ssl=1 768w, https:\/\/i0.wp.com\/laforgek.fr\/wp-content\/uploads\/2025\/11\/20251002_090325-scaled.jpg?resize=1152%2C1536&amp;ssl=1 1152w, https:\/\/i0.wp.com\/laforgek.fr\/wp-content\/uploads\/2025\/11\/20251002_090325-scaled.jpg?resize=1536%2C2048&amp;ssl=1 1536w, https:\/\/i0.wp.com\/laforgek.fr\/wp-content\/uploads\/2025\/11\/20251002_090325-scaled.jpg?resize=1320%2C1760&amp;ssl=1 1320w, https:\/\/i0.wp.com\/laforgek.fr\/wp-content\/uploads\/2025\/11\/20251002_090325-scaled.jpg?resize=250%2C333&amp;ssl=1 250w, https:\/\/i0.wp.com\/laforgek.fr\/wp-content\/uploads\/2025\/11\/20251002_090325-scaled.jpg?resize=350%2C467&amp;ssl=1 350w, https:\/\/i0.wp.com\/laforgek.fr\/wp-content\/uploads\/2025\/11\/20251002_090325-scaled.jpg?w=1050&amp;ssl=1 1050w\" sizes=\"auto, (max-width: 706px) 89vw, (max-width: 767px) 82vw, 740px\" \/><\/a><\/p>\n<p>&nbsp;<\/p>\n<p>\u00ab\u00a0Petty 125\u00a0\u00bb<br \/>\nLame: Suminagashi VG10 (Acier inoxydable) (environ 61hrc, affutage 15\u00b0 par cot\u00e9)<br \/>\nManche: \u00c9b\u00e8ne avec bague en fibre de carbone<\/p>\n<p>Poids: 69g<br \/>\nLongueur totale: 244mm<br \/>\nLongueur du manche: 114mm<br \/>\nLongueur utile: 125mm<\/p>\n<p>&nbsp;<\/p>\n<p>&nbsp;<\/p>\n<p>&nbsp;<\/p>\n","protected":false},"excerpt":{"rendered":"<p>Views: 38 &nbsp; \u00ab\u00a0Petty 125\u00a0\u00bb Lame: Suminagashi VG10 (Acier inoxydable) (environ 61hrc, affutage 15\u00b0 par cot\u00e9) Manche: \u00c9b\u00e8ne avec bague en fibre de carbone Poids: 69g Longueur totale: 244mm Longueur du manche: 114mm Longueur utile: 125mm &nbsp; &nbsp; &nbsp;<\/p>\n","protected":false},"featured_media":1565,"comment_status":"closed","ping_status":"closed","template":"","meta":[],"product_brand":[],"product_cat":[25],"product_tag":[],"class_list":{"0":"post-1564","1":"product","2":"type-product","3":"status-publish","4":"has-post-thumbnail","6":"product_cat-santoku-petty","8":"first","9":"instock","10":"shipping-taxable","11":"purchasable","12":"product-type-simple"},"yoast_head":"<!-- This site is optimized with the Yoast SEO plugin v27.3 - https:\/\/yoast.com\/product\/yoast-seo-wordpress\/ -->\n<title>Petty 125mm Suminagashi VG10 et \u00e9b\u00e8ne - Nicolas KOWAL Knives - La Forge K<\/title>\n<meta name=\"description\" content=\"Petty 125mm Suminagashi VG10 et \u00e9b\u00e8ne. Couteaux 100% artisanal r\u00e9alis\u00e9 \u00e0 l&#039;atelier.\" \/>\n<meta name=\"robots\" content=\"index, follow, max-snippet:-1, max-image-preview:large, max-video-preview:-1\" \/>\n<link rel=\"canonical\" href=\"https:\/\/laforgek.fr\/?product=petty-125mm-suminagashi-vg10-et-ebene\" \/>\n<meta property=\"og:locale\" content=\"fr_FR\" \/>\n<meta property=\"og:type\" content=\"article\" \/>\n<meta property=\"og:title\" content=\"Petty 125mm Suminagashi VG10 et \u00e9b\u00e8ne - Nicolas KOWAL Knives - La Forge K\" \/>\n<meta property=\"og:description\" content=\"Petty 125mm Suminagashi VG10 et \u00e9b\u00e8ne. Couteaux 100% artisanal r\u00e9alis\u00e9 \u00e0 l&#039;atelier.\" \/>\n<meta property=\"og:url\" content=\"https:\/\/laforgek.fr\/?product=petty-125mm-suminagashi-vg10-et-ebene\" \/>\n<meta property=\"og:site_name\" content=\"Nicolas KOWAL Knives - La Forge K\" \/>\n<meta property=\"article:publisher\" content=\"https:\/\/www.facebook.com\/nicolas.kowal\" \/>\n<meta property=\"article:modified_time\" content=\"2026-02-08T17:46:44+00:00\" \/>\n<meta property=\"og:image\" content=\"https:\/\/laforgek.fr\/wp-content\/uploads\/2025\/11\/20251008_142050-scaled.jpg\" \/>\n\t<meta property=\"og:image:width\" content=\"1920\" \/>\n\t<meta property=\"og:image:height\" content=\"2560\" \/>\n\t<meta property=\"og:image:type\" content=\"image\/jpeg\" \/>\n<meta name=\"twitter:card\" content=\"summary_large_image\" \/>\n<meta name=\"twitter:label1\" content=\"Dur\u00e9e de lecture estim\u00e9e\" \/>\n\t<meta name=\"twitter:data1\" content=\"2 minutes\" \/>\n<script type=\"application\/ld+json\" class=\"yoast-schema-graph\">{\"@context\":\"https:\\\/\\\/schema.org\",\"@graph\":[{\"@type\":\"WebPage\",\"@id\":\"https:\\\/\\\/laforgek.fr\\\/?product=petty-125mm-suminagashi-vg10-et-ebene\",\"url\":\"https:\\\/\\\/laforgek.fr\\\/?product=petty-125mm-suminagashi-vg10-et-ebene\",\"name\":\"Petty 125mm Suminagashi VG10 et \u00e9b\u00e8ne - Nicolas KOWAL Knives - La Forge K\",\"isPartOf\":{\"@id\":\"https:\\\/\\\/laforgek.fr\\\/#website\"},\"primaryImageOfPage\":{\"@id\":\"https:\\\/\\\/laforgek.fr\\\/?product=petty-125mm-suminagashi-vg10-et-ebene#primaryimage\"},\"image\":{\"@id\":\"https:\\\/\\\/laforgek.fr\\\/?product=petty-125mm-suminagashi-vg10-et-ebene#primaryimage\"},\"thumbnailUrl\":\"https:\\\/\\\/i0.wp.com\\\/laforgek.fr\\\/wp-content\\\/uploads\\\/2025\\\/11\\\/20251008_142050-scaled.jpg?fit=1920%2C2560&ssl=1\",\"datePublished\":\"2025-11-11T10:46:05+00:00\",\"dateModified\":\"2026-02-08T17:46:44+00:00\",\"description\":\"Petty 125mm Suminagashi VG10 et \u00e9b\u00e8ne. Couteaux 100% artisanal r\u00e9alis\u00e9 \u00e0 l'atelier.\",\"breadcrumb\":{\"@id\":\"https:\\\/\\\/laforgek.fr\\\/?product=petty-125mm-suminagashi-vg10-et-ebene#breadcrumb\"},\"inLanguage\":\"fr-FR\",\"potentialAction\":[{\"@type\":\"ReadAction\",\"target\":[\"https:\\\/\\\/laforgek.fr\\\/?product=petty-125mm-suminagashi-vg10-et-ebene\"]}]},{\"@type\":\"ImageObject\",\"inLanguage\":\"fr-FR\",\"@id\":\"https:\\\/\\\/laforgek.fr\\\/?product=petty-125mm-suminagashi-vg10-et-ebene#primaryimage\",\"url\":\"https:\\\/\\\/i0.wp.com\\\/laforgek.fr\\\/wp-content\\\/uploads\\\/2025\\\/11\\\/20251008_142050-scaled.jpg?fit=1920%2C2560&ssl=1\",\"contentUrl\":\"https:\\\/\\\/i0.wp.com\\\/laforgek.fr\\\/wp-content\\\/uploads\\\/2025\\\/11\\\/20251008_142050-scaled.jpg?fit=1920%2C2560&ssl=1\",\"width\":1920,\"height\":2560},{\"@type\":\"BreadcrumbList\",\"@id\":\"https:\\\/\\\/laforgek.fr\\\/?product=petty-125mm-suminagashi-vg10-et-ebene#breadcrumb\",\"itemListElement\":[{\"@type\":\"ListItem\",\"position\":1,\"name\":\"Accueil\",\"item\":\"https:\\\/\\\/laforgek.fr\\\/\"},{\"@type\":\"ListItem\",\"position\":2,\"name\":\"Boutique\",\"item\":\"https:\\\/\\\/laforgek.fr\\\/\"},{\"@type\":\"ListItem\",\"position\":3,\"name\":\"Petty 125mm Suminagashi VG10 et \u00e9b\u00e8ne\"}]},{\"@type\":\"WebSite\",\"@id\":\"https:\\\/\\\/laforgek.fr\\\/#website\",\"url\":\"https:\\\/\\\/laforgek.fr\\\/\",\"name\":\"Nicolas KOWAL Knives - La Forge K\",\"description\":\"Coutelier d&#039;art \u00e0 10mn de Nancy (Lorraine)\",\"publisher\":{\"@id\":\"https:\\\/\\\/laforgek.fr\\\/#organization\"},\"potentialAction\":[{\"@type\":\"SearchAction\",\"target\":{\"@type\":\"EntryPoint\",\"urlTemplate\":\"https:\\\/\\\/laforgek.fr\\\/?s={search_term_string}\"},\"query-input\":{\"@type\":\"PropertyValueSpecification\",\"valueRequired\":true,\"valueName\":\"search_term_string\"}}],\"inLanguage\":\"fr-FR\"},{\"@type\":\"Organization\",\"@id\":\"https:\\\/\\\/laforgek.fr\\\/#organization\",\"name\":\"Nicolas KOWAL Knives - La Forge K\",\"url\":\"https:\\\/\\\/laforgek.fr\\\/\",\"logo\":{\"@type\":\"ImageObject\",\"inLanguage\":\"fr-FR\",\"@id\":\"https:\\\/\\\/laforgek.fr\\\/#\\\/schema\\\/logo\\\/image\\\/\",\"url\":\"https:\\\/\\\/laforgek.fr\\\/wp-content\\\/uploads\\\/2021\\\/09\\\/FK-2.jpg\",\"contentUrl\":\"https:\\\/\\\/laforgek.fr\\\/wp-content\\\/uploads\\\/2021\\\/09\\\/FK-2.jpg\",\"width\":640,\"height\":515,\"caption\":\"Nicolas KOWAL Knives - La Forge K\"},\"image\":{\"@id\":\"https:\\\/\\\/laforgek.fr\\\/#\\\/schema\\\/logo\\\/image\\\/\"},\"sameAs\":[\"https:\\\/\\\/www.facebook.com\\\/nicolas.kowal\",\"https:\\\/\\\/www.instagram.com\\\/nicolas_kowal_knives\\\/\",\"https:\\\/\\\/www.youtube.com\\\/channel\\\/UC-R0mS62i1o-P94hUjKox9Q\"]}]}<\/script>\n<!-- \/ Yoast SEO plugin. -->","yoast_head_json":{"title":"Petty 125mm Suminagashi VG10 et \u00e9b\u00e8ne - Nicolas KOWAL Knives - La Forge K","description":"Petty 125mm Suminagashi VG10 et \u00e9b\u00e8ne. Couteaux 100% artisanal r\u00e9alis\u00e9 \u00e0 l'atelier.","robots":{"index":"index","follow":"follow","max-snippet":"max-snippet:-1","max-image-preview":"max-image-preview:large","max-video-preview":"max-video-preview:-1"},"canonical":"https:\/\/laforgek.fr\/?product=petty-125mm-suminagashi-vg10-et-ebene","og_locale":"fr_FR","og_type":"article","og_title":"Petty 125mm Suminagashi VG10 et \u00e9b\u00e8ne - Nicolas KOWAL Knives - La Forge K","og_description":"Petty 125mm Suminagashi VG10 et \u00e9b\u00e8ne. Couteaux 100% artisanal r\u00e9alis\u00e9 \u00e0 l'atelier.","og_url":"https:\/\/laforgek.fr\/?product=petty-125mm-suminagashi-vg10-et-ebene","og_site_name":"Nicolas KOWAL Knives - La Forge K","article_publisher":"https:\/\/www.facebook.com\/nicolas.kowal","article_modified_time":"2026-02-08T17:46:44+00:00","og_image":[{"width":1920,"height":2560,"url":"https:\/\/laforgek.fr\/wp-content\/uploads\/2025\/11\/20251008_142050-scaled.jpg","type":"image\/jpeg"}],"twitter_card":"summary_large_image","twitter_misc":{"Dur\u00e9e de lecture estim\u00e9e":"2 minutes"},"schema":{"@context":"https:\/\/schema.org","@graph":[{"@type":"WebPage","@id":"https:\/\/laforgek.fr\/?product=petty-125mm-suminagashi-vg10-et-ebene","url":"https:\/\/laforgek.fr\/?product=petty-125mm-suminagashi-vg10-et-ebene","name":"Petty 125mm Suminagashi VG10 et \u00e9b\u00e8ne - Nicolas KOWAL Knives - La Forge K","isPartOf":{"@id":"https:\/\/laforgek.fr\/#website"},"primaryImageOfPage":{"@id":"https:\/\/laforgek.fr\/?product=petty-125mm-suminagashi-vg10-et-ebene#primaryimage"},"image":{"@id":"https:\/\/laforgek.fr\/?product=petty-125mm-suminagashi-vg10-et-ebene#primaryimage"},"thumbnailUrl":"https:\/\/i0.wp.com\/laforgek.fr\/wp-content\/uploads\/2025\/11\/20251008_142050-scaled.jpg?fit=1920%2C2560&ssl=1","datePublished":"2025-11-11T10:46:05+00:00","dateModified":"2026-02-08T17:46:44+00:00","description":"Petty 125mm Suminagashi VG10 et \u00e9b\u00e8ne. Couteaux 100% artisanal r\u00e9alis\u00e9 \u00e0 l'atelier.","breadcrumb":{"@id":"https:\/\/laforgek.fr\/?product=petty-125mm-suminagashi-vg10-et-ebene#breadcrumb"},"inLanguage":"fr-FR","potentialAction":[{"@type":"ReadAction","target":["https:\/\/laforgek.fr\/?product=petty-125mm-suminagashi-vg10-et-ebene"]}]},{"@type":"ImageObject","inLanguage":"fr-FR","@id":"https:\/\/laforgek.fr\/?product=petty-125mm-suminagashi-vg10-et-ebene#primaryimage","url":"https:\/\/i0.wp.com\/laforgek.fr\/wp-content\/uploads\/2025\/11\/20251008_142050-scaled.jpg?fit=1920%2C2560&ssl=1","contentUrl":"https:\/\/i0.wp.com\/laforgek.fr\/wp-content\/uploads\/2025\/11\/20251008_142050-scaled.jpg?fit=1920%2C2560&ssl=1","width":1920,"height":2560},{"@type":"BreadcrumbList","@id":"https:\/\/laforgek.fr\/?product=petty-125mm-suminagashi-vg10-et-ebene#breadcrumb","itemListElement":[{"@type":"ListItem","position":1,"name":"Accueil","item":"https:\/\/laforgek.fr\/"},{"@type":"ListItem","position":2,"name":"Boutique","item":"https:\/\/laforgek.fr\/"},{"@type":"ListItem","position":3,"name":"Petty 125mm Suminagashi VG10 et \u00e9b\u00e8ne"}]},{"@type":"WebSite","@id":"https:\/\/laforgek.fr\/#website","url":"https:\/\/laforgek.fr\/","name":"Nicolas KOWAL Knives - La Forge K","description":"Coutelier d&#039;art \u00e0 10mn de Nancy (Lorraine)","publisher":{"@id":"https:\/\/laforgek.fr\/#organization"},"potentialAction":[{"@type":"SearchAction","target":{"@type":"EntryPoint","urlTemplate":"https:\/\/laforgek.fr\/?s={search_term_string}"},"query-input":{"@type":"PropertyValueSpecification","valueRequired":true,"valueName":"search_term_string"}}],"inLanguage":"fr-FR"},{"@type":"Organization","@id":"https:\/\/laforgek.fr\/#organization","name":"Nicolas KOWAL Knives - La Forge K","url":"https:\/\/laforgek.fr\/","logo":{"@type":"ImageObject","inLanguage":"fr-FR","@id":"https:\/\/laforgek.fr\/#\/schema\/logo\/image\/","url":"https:\/\/laforgek.fr\/wp-content\/uploads\/2021\/09\/FK-2.jpg","contentUrl":"https:\/\/laforgek.fr\/wp-content\/uploads\/2021\/09\/FK-2.jpg","width":640,"height":515,"caption":"Nicolas KOWAL Knives - La Forge K"},"image":{"@id":"https:\/\/laforgek.fr\/#\/schema\/logo\/image\/"},"sameAs":["https:\/\/www.facebook.com\/nicolas.kowal","https:\/\/www.instagram.com\/nicolas_kowal_knives\/","https:\/\/www.youtube.com\/channel\/UC-R0mS62i1o-P94hUjKox9Q"]}]}},"jetpack_sharing_enabled":true,"_links":{"self":[{"href":"https:\/\/laforgek.fr\/index.php?rest_route=\/wp\/v2\/product\/1564","targetHints":{"allow":["GET"]}}],"collection":[{"href":"https:\/\/laforgek.fr\/index.php?rest_route=\/wp\/v2\/product"}],"about":[{"href":"https:\/\/laforgek.fr\/index.php?rest_route=\/wp\/v2\/types\/product"}],"replies":[{"embeddable":true,"href":"https:\/\/laforgek.fr\/index.php?rest_route=%2Fwp%2Fv2%2Fcomments&post=1564"}],"wp:featuredmedia":[{"embeddable":true,"href":"https:\/\/laforgek.fr\/index.php?rest_route=\/wp\/v2\/media\/1565"}],"wp:attachment":[{"href":"https:\/\/laforgek.fr\/index.php?rest_route=%2Fwp%2Fv2%2Fmedia&parent=1564"}],"wp:term":[{"taxonomy":"product_brand","embeddable":true,"href":"https:\/\/laforgek.fr\/index.php?rest_route=%2Fwp%2Fv2%2Fproduct_brand&post=1564"},{"taxonomy":"product_cat","embeddable":true,"href":"https:\/\/laforgek.fr\/index.php?rest_route=%2Fwp%2Fv2%2Fproduct_cat&post=1564"},{"taxonomy":"product_tag","embeddable":true,"href":"https:\/\/laforgek.fr\/index.php?rest_route=%2Fwp%2Fv2%2Fproduct_tag&post=1564"}],"curies":[{"name":"wp","href":"https:\/\/api.w.org\/{rel}","templated":true}]}}